{"id":12603,"date":"2020-01-16T16:29:56","date_gmt":"2020-01-16T15:29:56","guid":{"rendered":"https:\/\/www.tecnopack.com\/?post_type=product&#038;p=12603"},"modified":"2020-01-18T15:23:18","modified_gmt":"2020-01-18T14:23:18","slug":"confezionatrice-verticale-medivert-stabilo","status":"publish","type":"product","link":"https:\/\/www.tecnopack.com\/es\/prodotto\/confezionatrice-verticale-medivert-stabilo\/","title":{"rendered":"M\u00e1quina de envasado vertical \u201cMedivert Stabilo\u201d"},"content":{"rendered":"<p>Dimensiones embalaje:<br \/>\nAlto de la bolsa : de 80 hasta 1600 mm ajustable por medio de pantalla t\u00e1ctil<br \/>\nAnchura de la bolsa : de 120 mm hasta 300 mm con uso de tubos formadores bajo petici\u00f3n<br \/>\nVelocidad : de 10 hasta 45 envases por minuto<br \/>\nPotencia instalada: 380 V , 3 KW<\/p>\n<p>Caracter\u00edsticas est\u00e1ndar:<br \/>\n1) Fotoc\u00e9lula est\u00e1ndar para lectura de la muesca impresa<br \/>\n2) Avance con ruedas motorizadas, con servomotor<br \/>\n3) La m\u00e1quina est\u00e1 equipada con fotoc\u00e9lula est\u00e1ndar para la lectura de la muesca impresa<br \/>\n4) La m\u00e1quina viene de serie con un tubo entrenador para sobres de anchura de 300 mm otros tubos bajo pedido<br \/>\n5) Tama\u00f1o de sobres tipo almohada o fondo cuadrado bajo petici\u00f3n<br \/>\n6) Equipado con protecciones est\u00e1ndar para operadores<br \/>\n7) Todos Las funciones se controlan por PLC Panasonic y pantalla t\u00e1ctil \u201cE &#8211; Wiew \u201c<br \/>\n8) Estructura completamente de acero inoxidable<\/p>\n<p><strong>Descarga el catalogo:<\/strong> <a href=\"https:\/\/www.tecnopack.com\/wp-content\/uploads\/2020\/01\/Medivert-4-5S_bassa.pdf\">Medivert<\/a><\/p>","protected":false},"excerpt":{"rendered":"<p>M\u00e1quina combinable con varios sistemas de carga.<br \/>\nPel\u00edcula utilizable : polietileno y acoplados en g\u00e9neral.<br \/>\nSoldadura neum\u00e1tica.<br \/>\nCarga autom\u00e1tica con dispensador para polvos de diversos tipos , y productos alimenticios granulares de cualquier formato.<\/p>\n","protected":false},"featured_media":12604,"comment_status":"closed","ping_status":"closed","template":"","meta":{"content-type":""},"product_cat":[57],"product_tag":[],"class_list":{"0":"post-12603","1":"product","2":"type-product","3":"status-publish","4":"has-post-thumbnail","6":"product_cat-verticali","7":"repupress_customize_woocommerce_productom_class","9":"first","10":"instock","11":"shipping-taxable","12":"product-type-simple"},"yoast_head":"<!-- This site is optimized with the Yoast SEO plugin v24.2 - https:\/\/yoast.com\/wordpress\/plugins\/seo\/ -->\n<title>M\u00e1quina de envasado vertical \u201cMedivert Stabilo\u201d - Tecnopack - Maquinas Envasadoras<\/title>\n<meta name=\"robots\" content=\"index, follow, max-snippet:-1, max-image-preview:large, max-video-preview:-1\" \/>\n<link rel=\"canonical\" href=\"https:\/\/www.tecnopack.com\/en\/prodotto\/confezionatrice-verticale-medivert-stabilo\/\" \/>\n<meta name=\"twitter:label1\" content=\"Tiempo de lectura\" \/>\n\t<meta name=\"twitter:data1\" content=\"2 minutos\" \/>\n<script type=\"application\/ld+json\" class=\"yoast-schema-graph\">{\"@context\":\"https:\/\/schema.org\",\"@graph\":[{\"@type\":\"WebPage\",\"@id\":\"https:\/\/www.tecnopack.com\/en\/prodotto\/confezionatrice-verticale-medivert-stabilo\/\",\"url\":\"https:\/\/www.tecnopack.com\/en\/prodotto\/confezionatrice-verticale-medivert-stabilo\/\",\"name\":\"M\u00e1quina de envasado vertical \u201cMedivert Stabilo\u201d - Tecnopack - Maquinas Envasadoras\",\"isPartOf\":{\"@id\":\"https:\/\/www.tecnopack.com\/#website\"},\"primaryImageOfPage\":{\"@id\":\"https:\/\/www.tecnopack.com\/en\/prodotto\/confezionatrice-verticale-medivert-stabilo\/#primaryimage\"},\"image\":{\"@id\":\"https:\/\/www.tecnopack.com\/en\/prodotto\/confezionatrice-verticale-medivert-stabilo\/#primaryimage\"},\"thumbnailUrl\":\"https:\/\/www.tecnopack.com\/wp-content\/uploads\/2020\/01\/Medivert-4-5S_bassa-02-scaled.jpg\",\"datePublished\":\"2020-01-16T15:29:56+00:00\",\"dateModified\":\"2020-01-18T14:23:18+00:00\",\"breadcrumb\":{\"@id\":\"https:\/\/www.tecnopack.com\/en\/prodotto\/confezionatrice-verticale-medivert-stabilo\/#breadcrumb\"},\"inLanguage\":\"es\",\"potentialAction\":[{\"@type\":\"ReadAction\",\"target\":[\"https:\/\/www.tecnopack.com\/en\/prodotto\/confezionatrice-verticale-medivert-stabilo\/\"]}]},{\"@type\":\"ImageObject\",\"inLanguage\":\"es\",\"@id\":\"https:\/\/www.tecnopack.com\/en\/prodotto\/confezionatrice-verticale-medivert-stabilo\/#primaryimage\",\"url\":\"https:\/\/www.tecnopack.com\/wp-content\/uploads\/2020\/01\/Medivert-4-5S_bassa-02-scaled.jpg\",\"contentUrl\":\"https:\/\/www.tecnopack.com\/wp-content\/uploads\/2020\/01\/Medivert-4-5S_bassa-02-scaled.jpg\",\"width\":2560,\"height\":2056},{\"@type\":\"BreadcrumbList\",\"@id\":\"https:\/\/www.tecnopack.com\/en\/prodotto\/confezionatrice-verticale-medivert-stabilo\/#breadcrumb\",\"itemListElement\":[{\"@type\":\"ListItem\",\"position\":1,\"name\":\"Home\",\"item\":\"https:\/\/www.tecnopack.com\/\"},{\"@type\":\"ListItem\",\"position\":2,\"name\":\"Ricambi\",\"item\":\"https:\/\/www.tecnopack.com\/ricambi\/\"},{\"@type\":\"ListItem\",\"position\":3,\"name\":\"Vertical Machine \u201cMedivert Stabilo\u201d\"}]},{\"@type\":\"WebSite\",\"@id\":\"https:\/\/www.tecnopack.com\/#website\",\"url\":\"https:\/\/www.tecnopack.com\/\",\"name\":\"Tecnopack - Maquinas Envasadoras\",\"description\":\"Maquinas Flow Pack, Vertical y Shrink\",\"publisher\":{\"@id\":\"https:\/\/www.tecnopack.com\/#organization\"},\"potentialAction\":[{\"@type\":\"SearchAction\",\"target\":{\"@type\":\"EntryPoint\",\"urlTemplate\":\"https:\/\/www.tecnopack.com\/?s={search_term_string}\"},\"query-input\":{\"@type\":\"PropertyValueSpecification\",\"valueRequired\":true,\"valueName\":\"search_term_string\"}}],\"inLanguage\":\"es\"},{\"@type\":\"Organization\",\"@id\":\"https:\/\/www.tecnopack.com\/#organization\",\"name\":\"Tecnopack Srl\",\"url\":\"https:\/\/www.tecnopack.com\/\",\"logo\":{\"@type\":\"ImageObject\",\"inLanguage\":\"es\",\"@id\":\"https:\/\/www.tecnopack.com\/#\/schema\/logo\/image\/\",\"url\":\"https:\/\/www.tecnopack.com\/wp-content\/uploads\/2016\/01\/Tecnopack-logo-1.png\",\"contentUrl\":\"https:\/\/www.tecnopack.com\/wp-content\/uploads\/2016\/01\/Tecnopack-logo-1.png\",\"width\":1501,\"height\":169,\"caption\":\"Tecnopack Srl\"},\"image\":{\"@id\":\"https:\/\/www.tecnopack.com\/#\/schema\/logo\/image\/\"}}]}<\/script>\n<!-- \/ Yoast SEO plugin. -->","yoast_head_json":{"title":"M\u00e1quina de envasado vertical \u201cMedivert Stabilo\u201d - Tecnopack - Maquinas Envasadoras","robots":{"index":"index","follow":"follow","max-snippet":"max-snippet:-1","max-image-preview":"max-image-preview:large","max-video-preview":"max-video-preview:-1"},"canonical":"https:\/\/www.tecnopack.com\/en\/prodotto\/confezionatrice-verticale-medivert-stabilo\/","twitter_misc":{"Tiempo de lectura":"2 minutos"},"schema":{"@context":"https:\/\/schema.org","@graph":[{"@type":"WebPage","@id":"https:\/\/www.tecnopack.com\/en\/prodotto\/confezionatrice-verticale-medivert-stabilo\/","url":"https:\/\/www.tecnopack.com\/en\/prodotto\/confezionatrice-verticale-medivert-stabilo\/","name":"M\u00e1quina de envasado vertical \u201cMedivert Stabilo\u201d - Tecnopack - Maquinas Envasadoras","isPartOf":{"@id":"https:\/\/www.tecnopack.com\/#website"},"primaryImageOfPage":{"@id":"https:\/\/www.tecnopack.com\/en\/prodotto\/confezionatrice-verticale-medivert-stabilo\/#primaryimage"},"image":{"@id":"https:\/\/www.tecnopack.com\/en\/prodotto\/confezionatrice-verticale-medivert-stabilo\/#primaryimage"},"thumbnailUrl":"https:\/\/www.tecnopack.com\/wp-content\/uploads\/2020\/01\/Medivert-4-5S_bassa-02-scaled.jpg","datePublished":"2020-01-16T15:29:56+00:00","dateModified":"2020-01-18T14:23:18+00:00","breadcrumb":{"@id":"https:\/\/www.tecnopack.com\/en\/prodotto\/confezionatrice-verticale-medivert-stabilo\/#breadcrumb"},"inLanguage":"es","potentialAction":[{"@type":"ReadAction","target":["https:\/\/www.tecnopack.com\/en\/prodotto\/confezionatrice-verticale-medivert-stabilo\/"]}]},{"@type":"ImageObject","inLanguage":"es","@id":"https:\/\/www.tecnopack.com\/en\/prodotto\/confezionatrice-verticale-medivert-stabilo\/#primaryimage","url":"https:\/\/www.tecnopack.com\/wp-content\/uploads\/2020\/01\/Medivert-4-5S_bassa-02-scaled.jpg","contentUrl":"https:\/\/www.tecnopack.com\/wp-content\/uploads\/2020\/01\/Medivert-4-5S_bassa-02-scaled.jpg","width":2560,"height":2056},{"@type":"BreadcrumbList","@id":"https:\/\/www.tecnopack.com\/en\/prodotto\/confezionatrice-verticale-medivert-stabilo\/#breadcrumb","itemListElement":[{"@type":"ListItem","position":1,"name":"Home","item":"https:\/\/www.tecnopack.com\/"},{"@type":"ListItem","position":2,"name":"Ricambi","item":"https:\/\/www.tecnopack.com\/ricambi\/"},{"@type":"ListItem","position":3,"name":"Vertical Machine \u201cMedivert Stabilo\u201d"}]},{"@type":"WebSite","@id":"https:\/\/www.tecnopack.com\/#website","url":"https:\/\/www.tecnopack.com\/","name":"Tecnopack - Maquinas Envasadoras","description":"Maquinas Flow Pack, Vertical y Shrink","publisher":{"@id":"https:\/\/www.tecnopack.com\/#organization"},"potentialAction":[{"@type":"SearchAction","target":{"@type":"EntryPoint","urlTemplate":"https:\/\/www.tecnopack.com\/?s={search_term_string}"},"query-input":{"@type":"PropertyValueSpecification","valueRequired":true,"valueName":"search_term_string"}}],"inLanguage":"es"},{"@type":"Organization","@id":"https:\/\/www.tecnopack.com\/#organization","name":"Tecnopack Srl","url":"https:\/\/www.tecnopack.com\/","logo":{"@type":"ImageObject","inLanguage":"es","@id":"https:\/\/www.tecnopack.com\/#\/schema\/logo\/image\/","url":"https:\/\/www.tecnopack.com\/wp-content\/uploads\/2016\/01\/Tecnopack-logo-1.png","contentUrl":"https:\/\/www.tecnopack.com\/wp-content\/uploads\/2016\/01\/Tecnopack-logo-1.png","width":1501,"height":169,"caption":"Tecnopack Srl"},"image":{"@id":"https:\/\/www.tecnopack.com\/#\/schema\/logo\/image\/"}}]}},"_links":{"self":[{"href":"https:\/\/www.tecnopack.com\/es\/wp-json\/wp\/v2\/product\/12603","targetHints":{"allow":["GET"]}}],"collection":[{"href":"https:\/\/www.tecnopack.com\/es\/wp-json\/wp\/v2\/product"}],"about":[{"href":"https:\/\/www.tecnopack.com\/es\/wp-json\/wp\/v2\/types\/product"}],"replies":[{"embeddable":true,"href":"https:\/\/www.tecnopack.com\/es\/wp-json\/wp\/v2\/comments?post=12603"}],"wp:featuredmedia":[{"embeddable":true,"href":"https:\/\/www.tecnopack.com\/es\/wp-json\/wp\/v2\/media\/12604"}],"wp:attachment":[{"href":"https:\/\/www.tecnopack.com\/es\/wp-json\/wp\/v2\/media?parent=12603"}],"wp:term":[{"taxonomy":"product_cat","embeddable":true,"href":"https:\/\/www.tecnopack.com\/es\/wp-json\/wp\/v2\/product_cat?post=12603"},{"taxonomy":"product_tag","embeddable":true,"href":"https:\/\/www.tecnopack.com\/es\/wp-json\/wp\/v2\/product_tag?post=12603"}],"curies":[{"name":"wp","href":"https:\/\/api.w.org\/{rel}","templated":true}]}}