{"id":12552,"date":"2020-01-16T12:26:32","date_gmt":"2020-01-16T11:26:32","guid":{"rendered":"https:\/\/www.tecnopack.com\/?post_type=product&#038;p=12552"},"modified":"2020-01-18T15:33:46","modified_gmt":"2020-01-18T14:33:46","slug":"confezionatrice-angolare-automatica-star-mini","status":"publish","type":"product","link":"https:\/\/www.tecnopack.com\/es\/prodotto\/confezionatrice-angolare-automatica-star-mini\/","title":{"rendered":"Maquina de envasado automatico \u00abStar Mini\u00bb"},"content":{"rendered":"<p>El t\u00fanel retr\u00e1ctil HALLEY se puede conectar a nuestra gama de maquinas empacadoras de la serie STAR y a nuestros paquetes de flujo, ya que incluye caracter\u00edsticas de velocidad y robustez para permitir el uso en l\u00edneas de producci\u00f3n que involucran cargas de trabajo particularmente pesadas.<\/p>\n<p>El t\u00fanel retr\u00e1ctil F14 asocia econom\u00eda y peque\u00f1as dimensiones. Se puede conectar a m\u00e1quinas esquineras semiautom\u00e1ticas y paquetes de flujo, no requiere ning\u00fan mantenimiento. Construido en versi\u00f3n derecha-izquierda y izquierda-derecha.<\/p>\n<p>CARACTERISTICAS TECNICAS STAR MINI<br \/>\nTama\u00f1o de las barras de sellado 400 x 500 mm<br \/>\nMaxima altura producto 150 mm<br \/>\nAlimentacion electrica 380 v &#8211; 3 F+T<br \/>\nAlimentacion neumatica 8 bar<br \/>\nDimensiones generales 2200 x 900 mm 1500 h<\/p>\n<p>ACCESORIOS OPCIONALES<br \/>\nEstera traslante<br \/>\nApertura autom\u00e1tica de las barras traslantes<br \/>\nContadores de preselecci\u00f3n<br \/>\nCarpinter\u00eda en acero inoxidable<br \/>\nInversor para la regulaci\u00f3n de la velocidad de las alfombras<\/p>\n<p><strong>Descarga el catalogo:<\/strong> <a href=\"https:\/\/www.tecnopack.com\/wp-content\/uploads\/2020\/01\/STAR-MINI.pdf\">STAR MINI<\/a><\/p>","protected":false},"excerpt":{"rendered":"<p>Las m\u00e1quinas de envasado autom\u00e1ticas STAR pueden resolver cualquier problema de envasado con una pel\u00edcula de un solo pliegue. La gama hace posible empaquetar productos con dimensiones inalcanzables por las m\u00e1quinas tradicionales de hoja plana y se pueden insertar f\u00e1cilmente en las l\u00edneas de producci\u00f3n existentes. Las m\u00e1quinas no requieren la presencia de ning\u00fan operador.<\/p>\n","protected":false},"featured_media":12553,"comment_status":"closed","ping_status":"closed","template":"","meta":{"content-type":""},"product_cat":[56],"product_tag":[],"class_list":{"0":"post-12552","1":"product","2":"type-product","3":"status-publish","4":"has-post-thumbnail","6":"product_cat-termoretraibili","7":"repupress_customize_woocommerce_productom_class","9":"first","10":"instock","11":"shipping-taxable","12":"product-type-simple"},"yoast_head":"<!-- This site is optimized with the Yoast SEO plugin v24.2 - https:\/\/yoast.com\/wordpress\/plugins\/seo\/ -->\n<title>Maquina de envasado automatico &quot;Star Mini&quot; - Tecnopack - Maquinas Envasadoras<\/title>\n<meta name=\"robots\" content=\"index, follow, max-snippet:-1, max-image-preview:large, max-video-preview:-1\" \/>\n<link rel=\"canonical\" href=\"https:\/\/www.tecnopack.com\/en\/prodotto\/confezionatrice-angolare-automatica-star-mini\/\" \/>\n<meta name=\"twitter:label1\" content=\"Tiempo de lectura\" \/>\n\t<meta name=\"twitter:data1\" content=\"2 minutos\" \/>\n<script type=\"application\/ld+json\" class=\"yoast-schema-graph\">{\"@context\":\"https:\/\/schema.org\",\"@graph\":[{\"@type\":\"WebPage\",\"@id\":\"https:\/\/www.tecnopack.com\/en\/prodotto\/confezionatrice-angolare-automatica-star-mini\/\",\"url\":\"https:\/\/www.tecnopack.com\/en\/prodotto\/confezionatrice-angolare-automatica-star-mini\/\",\"name\":\"Maquina de envasado automatico \\\"Star Mini\\\" - Tecnopack - Maquinas Envasadoras\",\"isPartOf\":{\"@id\":\"https:\/\/www.tecnopack.com\/#website\"},\"primaryImageOfPage\":{\"@id\":\"https:\/\/www.tecnopack.com\/en\/prodotto\/confezionatrice-angolare-automatica-star-mini\/#primaryimage\"},\"image\":{\"@id\":\"https:\/\/www.tecnopack.com\/en\/prodotto\/confezionatrice-angolare-automatica-star-mini\/#primaryimage\"},\"thumbnailUrl\":\"https:\/\/www.tecnopack.com\/wp-content\/uploads\/2020\/01\/Cometina_scont2020.jpg\",\"datePublished\":\"2020-01-16T11:26:32+00:00\",\"dateModified\":\"2020-01-18T14:33:46+00:00\",\"breadcrumb\":{\"@id\":\"https:\/\/www.tecnopack.com\/en\/prodotto\/confezionatrice-angolare-automatica-star-mini\/#breadcrumb\"},\"inLanguage\":\"es\",\"potentialAction\":[{\"@type\":\"ReadAction\",\"target\":[\"https:\/\/www.tecnopack.com\/en\/prodotto\/confezionatrice-angolare-automatica-star-mini\/\"]}]},{\"@type\":\"ImageObject\",\"inLanguage\":\"es\",\"@id\":\"https:\/\/www.tecnopack.com\/en\/prodotto\/confezionatrice-angolare-automatica-star-mini\/#primaryimage\",\"url\":\"https:\/\/www.tecnopack.com\/wp-content\/uploads\/2020\/01\/Cometina_scont2020.jpg\",\"contentUrl\":\"https:\/\/www.tecnopack.com\/wp-content\/uploads\/2020\/01\/Cometina_scont2020.jpg\",\"width\":940,\"height\":541},{\"@type\":\"BreadcrumbList\",\"@id\":\"https:\/\/www.tecnopack.com\/en\/prodotto\/confezionatrice-angolare-automatica-star-mini\/#breadcrumb\",\"itemListElement\":[{\"@type\":\"ListItem\",\"position\":1,\"name\":\"Home\",\"item\":\"https:\/\/www.tecnopack.com\/\"},{\"@type\":\"ListItem\",\"position\":2,\"name\":\"Ricambi\",\"item\":\"https:\/\/www.tecnopack.com\/ricambi\/\"},{\"@type\":\"ListItem\",\"position\":3,\"name\":\"Fully Automatic Packaging Machine &#8220;Star Mini&#8221;\"}]},{\"@type\":\"WebSite\",\"@id\":\"https:\/\/www.tecnopack.com\/#website\",\"url\":\"https:\/\/www.tecnopack.com\/\",\"name\":\"Tecnopack - Maquinas Envasadoras\",\"description\":\"Maquinas Flow Pack, Vertical y Shrink\",\"publisher\":{\"@id\":\"https:\/\/www.tecnopack.com\/#organization\"},\"potentialAction\":[{\"@type\":\"SearchAction\",\"target\":{\"@type\":\"EntryPoint\",\"urlTemplate\":\"https:\/\/www.tecnopack.com\/?s={search_term_string}\"},\"query-input\":{\"@type\":\"PropertyValueSpecification\",\"valueRequired\":true,\"valueName\":\"search_term_string\"}}],\"inLanguage\":\"es\"},{\"@type\":\"Organization\",\"@id\":\"https:\/\/www.tecnopack.com\/#organization\",\"name\":\"Tecnopack Srl\",\"url\":\"https:\/\/www.tecnopack.com\/\",\"logo\":{\"@type\":\"ImageObject\",\"inLanguage\":\"es\",\"@id\":\"https:\/\/www.tecnopack.com\/#\/schema\/logo\/image\/\",\"url\":\"https:\/\/www.tecnopack.com\/wp-content\/uploads\/2016\/01\/Tecnopack-logo-1.png\",\"contentUrl\":\"https:\/\/www.tecnopack.com\/wp-content\/uploads\/2016\/01\/Tecnopack-logo-1.png\",\"width\":1501,\"height\":169,\"caption\":\"Tecnopack Srl\"},\"image\":{\"@id\":\"https:\/\/www.tecnopack.com\/#\/schema\/logo\/image\/\"}}]}<\/script>\n<!-- \/ Yoast SEO plugin. -->","yoast_head_json":{"title":"Maquina de envasado automatico \"Star Mini\" - Tecnopack - Maquinas Envasadoras","robots":{"index":"index","follow":"follow","max-snippet":"max-snippet:-1","max-image-preview":"max-image-preview:large","max-video-preview":"max-video-preview:-1"},"canonical":"https:\/\/www.tecnopack.com\/en\/prodotto\/confezionatrice-angolare-automatica-star-mini\/","twitter_misc":{"Tiempo de lectura":"2 minutos"},"schema":{"@context":"https:\/\/schema.org","@graph":[{"@type":"WebPage","@id":"https:\/\/www.tecnopack.com\/en\/prodotto\/confezionatrice-angolare-automatica-star-mini\/","url":"https:\/\/www.tecnopack.com\/en\/prodotto\/confezionatrice-angolare-automatica-star-mini\/","name":"Maquina de envasado automatico \"Star Mini\" - Tecnopack - Maquinas Envasadoras","isPartOf":{"@id":"https:\/\/www.tecnopack.com\/#website"},"primaryImageOfPage":{"@id":"https:\/\/www.tecnopack.com\/en\/prodotto\/confezionatrice-angolare-automatica-star-mini\/#primaryimage"},"image":{"@id":"https:\/\/www.tecnopack.com\/en\/prodotto\/confezionatrice-angolare-automatica-star-mini\/#primaryimage"},"thumbnailUrl":"https:\/\/www.tecnopack.com\/wp-content\/uploads\/2020\/01\/Cometina_scont2020.jpg","datePublished":"2020-01-16T11:26:32+00:00","dateModified":"2020-01-18T14:33:46+00:00","breadcrumb":{"@id":"https:\/\/www.tecnopack.com\/en\/prodotto\/confezionatrice-angolare-automatica-star-mini\/#breadcrumb"},"inLanguage":"es","potentialAction":[{"@type":"ReadAction","target":["https:\/\/www.tecnopack.com\/en\/prodotto\/confezionatrice-angolare-automatica-star-mini\/"]}]},{"@type":"ImageObject","inLanguage":"es","@id":"https:\/\/www.tecnopack.com\/en\/prodotto\/confezionatrice-angolare-automatica-star-mini\/#primaryimage","url":"https:\/\/www.tecnopack.com\/wp-content\/uploads\/2020\/01\/Cometina_scont2020.jpg","contentUrl":"https:\/\/www.tecnopack.com\/wp-content\/uploads\/2020\/01\/Cometina_scont2020.jpg","width":940,"height":541},{"@type":"BreadcrumbList","@id":"https:\/\/www.tecnopack.com\/en\/prodotto\/confezionatrice-angolare-automatica-star-mini\/#breadcrumb","itemListElement":[{"@type":"ListItem","position":1,"name":"Home","item":"https:\/\/www.tecnopack.com\/"},{"@type":"ListItem","position":2,"name":"Ricambi","item":"https:\/\/www.tecnopack.com\/ricambi\/"},{"@type":"ListItem","position":3,"name":"Fully Automatic Packaging Machine &#8220;Star Mini&#8221;"}]},{"@type":"WebSite","@id":"https:\/\/www.tecnopack.com\/#website","url":"https:\/\/www.tecnopack.com\/","name":"Tecnopack - Maquinas Envasadoras","description":"Maquinas Flow Pack, Vertical y Shrink","publisher":{"@id":"https:\/\/www.tecnopack.com\/#organization"},"potentialAction":[{"@type":"SearchAction","target":{"@type":"EntryPoint","urlTemplate":"https:\/\/www.tecnopack.com\/?s={search_term_string}"},"query-input":{"@type":"PropertyValueSpecification","valueRequired":true,"valueName":"search_term_string"}}],"inLanguage":"es"},{"@type":"Organization","@id":"https:\/\/www.tecnopack.com\/#organization","name":"Tecnopack Srl","url":"https:\/\/www.tecnopack.com\/","logo":{"@type":"ImageObject","inLanguage":"es","@id":"https:\/\/www.tecnopack.com\/#\/schema\/logo\/image\/","url":"https:\/\/www.tecnopack.com\/wp-content\/uploads\/2016\/01\/Tecnopack-logo-1.png","contentUrl":"https:\/\/www.tecnopack.com\/wp-content\/uploads\/2016\/01\/Tecnopack-logo-1.png","width":1501,"height":169,"caption":"Tecnopack Srl"},"image":{"@id":"https:\/\/www.tecnopack.com\/#\/schema\/logo\/image\/"}}]}},"_links":{"self":[{"href":"https:\/\/www.tecnopack.com\/es\/wp-json\/wp\/v2\/product\/12552","targetHints":{"allow":["GET"]}}],"collection":[{"href":"https:\/\/www.tecnopack.com\/es\/wp-json\/wp\/v2\/product"}],"about":[{"href":"https:\/\/www.tecnopack.com\/es\/wp-json\/wp\/v2\/types\/product"}],"replies":[{"embeddable":true,"href":"https:\/\/www.tecnopack.com\/es\/wp-json\/wp\/v2\/comments?post=12552"}],"wp:featuredmedia":[{"embeddable":true,"href":"https:\/\/www.tecnopack.com\/es\/wp-json\/wp\/v2\/media\/12553"}],"wp:attachment":[{"href":"https:\/\/www.tecnopack.com\/es\/wp-json\/wp\/v2\/media?parent=12552"}],"wp:term":[{"taxonomy":"product_cat","embeddable":true,"href":"https:\/\/www.tecnopack.com\/es\/wp-json\/wp\/v2\/product_cat?post=12552"},{"taxonomy":"product_tag","embeddable":true,"href":"https:\/\/www.tecnopack.com\/es\/wp-json\/wp\/v2\/product_tag?post=12552"}],"curies":[{"name":"wp","href":"https:\/\/api.w.org\/{rel}","templated":true}]}}