{"id":12212,"date":"2016-03-31T09:39:21","date_gmt":"2016-03-31T07:39:21","guid":{"rendered":"https:\/\/www.tecnopack.com\/?post_type=product&#038;p=12212"},"modified":"2020-01-18T14:13:23","modified_gmt":"2020-01-18T13:13:23","slug":"confezionatrice-verticale-minivert","status":"publish","type":"product","link":"https:\/\/www.tecnopack.com\/es\/prodotto\/confezionatrice-verticale-minivert\/","title":{"rendered":"M\u00e1quina De Envasado Vertical \u00abMinivert\u00bb"},"content":{"rendered":"<p>Dimensiones embalaje:<br \/>\nAlto de la bolsa : de 80 hasta 1600 mm ajustable por medio de pantalla t\u00e1ctil<br \/>\nAnchura de la bolsa : de 50 mm hasta 130 mm con uso de tubos formadores bajo petici\u00f3n<br \/>\nVelocidad : de 10 hasta 35 envases por minuto<br \/>\nPotencia instalada: 380 V , 3 KW<\/p>\n<p>Caracter\u00edsticas est\u00e1ndar:<br \/>\n1) fotoc\u00e9lula est\u00e1ndar para lectura de la muesca impresa<br \/>\n2) Avance con ruedas motorizadas, con servomotor<br \/>\n3) La m\u00e1quina est\u00e1 equipada con fotoc\u00e9lula est\u00e1ndar para la lectura de la muesca impresa<br \/>\n4) La m\u00e1quina viene de serie con un tubo entrenador para sobres de anchura de 130 mm otros tubos bajo pedido<br \/>\n5) Tama\u00f1o de sobres tipo almohada o fondo cuadrado bajo petici\u00f3n<br \/>\n6) Equipado con protecciones est\u00e1ndar para operadores<br \/>\n7) Todos Las funciones se controlan por PLC Panasonic y pantalla t\u00e1ctil \u201cE &#8211; Wiew \u201c<br \/>\n8) Estructura completamente de acero inoxidable<\/p>","protected":false},"excerpt":{"rendered":"<p>M\u00e1quina de envasado autom\u00e1tico vertical Modelo 420 MINIVERT<br \/>\nM\u00e1quina combinable con varios sistemas de carga.<br \/>\nPel\u00edcula utilizable : polietileno y acoplados en g\u00e9neral.<br \/>\nSoldadura neum\u00e1tica.<br \/>\nCarga autom\u00e1tica con dispensador para polvos de diversos tipos , y productos alimenticios granulares de cualquier formato.<\/p>\n","protected":false},"featured_media":12636,"comment_status":"closed","ping_status":"closed","template":"","meta":{"content-type":""},"product_cat":[57],"product_tag":[],"class_list":{"0":"post-12212","1":"product","2":"type-product","3":"status-publish","4":"has-post-thumbnail","6":"product_cat-verticali","7":"repupress_customize_woocommerce_productom_class","9":"first","10":"instock","11":"shipping-taxable","12":"product-type-simple"},"yoast_head":"<!-- This site is optimized with the Yoast SEO plugin v24.2 - https:\/\/yoast.com\/wordpress\/plugins\/seo\/ -->\n<title>Tecnopack - Macchina Confezionatrice Verticale &quot;Medivert&quot;<\/title>\n<meta name=\"description\" content=\"Macchina confezionatrice verticale &quot;Medivert&quot;. Scopri il prodotto e scarica il catalogo!\" \/>\n<meta name=\"robots\" content=\"index, follow, max-snippet:-1, max-image-preview:large, max-video-preview:-1\" \/>\n<link rel=\"canonical\" href=\"https:\/\/www.tecnopack.com\/prodotto\/confezionatrice-verticale-minivert\/\" \/>\n<meta name=\"twitter:label1\" content=\"Tiempo de lectura\" \/>\n\t<meta name=\"twitter:data1\" content=\"2 minutos\" \/>\n<script type=\"application\/ld+json\" class=\"yoast-schema-graph\">{\"@context\":\"https:\/\/schema.org\",\"@graph\":[{\"@type\":\"WebPage\",\"@id\":\"https:\/\/www.tecnopack.com\/prodotto\/confezionatrice-verticale-minivert\/\",\"url\":\"https:\/\/www.tecnopack.com\/prodotto\/confezionatrice-verticale-minivert\/\",\"name\":\"Tecnopack - Macchina Confezionatrice Verticale \\\"Medivert\\\"\",\"isPartOf\":{\"@id\":\"https:\/\/www.tecnopack.com\/#website\"},\"primaryImageOfPage\":{\"@id\":\"https:\/\/www.tecnopack.com\/prodotto\/confezionatrice-verticale-minivert\/#primaryimage\"},\"image\":{\"@id\":\"https:\/\/www.tecnopack.com\/prodotto\/confezionatrice-verticale-minivert\/#primaryimage\"},\"thumbnailUrl\":\"https:\/\/www.tecnopack.com\/wp-content\/uploads\/2016\/03\/Minivert2020_bassa-03.jpg\",\"datePublished\":\"2016-03-31T07:39:21+00:00\",\"dateModified\":\"2020-01-18T13:13:23+00:00\",\"description\":\"Macchina confezionatrice verticale \\\"Medivert\\\". Scopri il prodotto e scarica il catalogo!\",\"breadcrumb\":{\"@id\":\"https:\/\/www.tecnopack.com\/prodotto\/confezionatrice-verticale-minivert\/#breadcrumb\"},\"inLanguage\":\"es\",\"potentialAction\":[{\"@type\":\"ReadAction\",\"target\":[\"https:\/\/www.tecnopack.com\/prodotto\/confezionatrice-verticale-minivert\/\"]}]},{\"@type\":\"ImageObject\",\"inLanguage\":\"es\",\"@id\":\"https:\/\/www.tecnopack.com\/prodotto\/confezionatrice-verticale-minivert\/#primaryimage\",\"url\":\"https:\/\/www.tecnopack.com\/wp-content\/uploads\/2016\/03\/Minivert2020_bassa-03.jpg\",\"contentUrl\":\"https:\/\/www.tecnopack.com\/wp-content\/uploads\/2016\/03\/Minivert2020_bassa-03.jpg\",\"width\":2426,\"height\":1851},{\"@type\":\"BreadcrumbList\",\"@id\":\"https:\/\/www.tecnopack.com\/prodotto\/confezionatrice-verticale-minivert\/#breadcrumb\",\"itemListElement\":[{\"@type\":\"ListItem\",\"position\":1,\"name\":\"Home\",\"item\":\"https:\/\/www.tecnopack.com\/\"},{\"@type\":\"ListItem\",\"position\":2,\"name\":\"Ricambi\",\"item\":\"https:\/\/www.tecnopack.com\/ricambi\/\"},{\"@type\":\"ListItem\",\"position\":3,\"name\":\"Confezionatrice Verticale &#8220;Minivert&#8221;\"}]},{\"@type\":\"WebSite\",\"@id\":\"https:\/\/www.tecnopack.com\/#website\",\"url\":\"https:\/\/www.tecnopack.com\/\",\"name\":\"Tecnopack - Maquinas Envasadoras\",\"description\":\"Maquinas Flow Pack, Vertical y Shrink\",\"publisher\":{\"@id\":\"https:\/\/www.tecnopack.com\/#organization\"},\"potentialAction\":[{\"@type\":\"SearchAction\",\"target\":{\"@type\":\"EntryPoint\",\"urlTemplate\":\"https:\/\/www.tecnopack.com\/?s={search_term_string}\"},\"query-input\":{\"@type\":\"PropertyValueSpecification\",\"valueRequired\":true,\"valueName\":\"search_term_string\"}}],\"inLanguage\":\"es\"},{\"@type\":\"Organization\",\"@id\":\"https:\/\/www.tecnopack.com\/#organization\",\"name\":\"Tecnopack Srl\",\"url\":\"https:\/\/www.tecnopack.com\/\",\"logo\":{\"@type\":\"ImageObject\",\"inLanguage\":\"es\",\"@id\":\"https:\/\/www.tecnopack.com\/#\/schema\/logo\/image\/\",\"url\":\"https:\/\/www.tecnopack.com\/wp-content\/uploads\/2016\/01\/Tecnopack-logo-1.png\",\"contentUrl\":\"https:\/\/www.tecnopack.com\/wp-content\/uploads\/2016\/01\/Tecnopack-logo-1.png\",\"width\":1501,\"height\":169,\"caption\":\"Tecnopack Srl\"},\"image\":{\"@id\":\"https:\/\/www.tecnopack.com\/#\/schema\/logo\/image\/\"}}]}<\/script>\n<!-- \/ Yoast SEO plugin. -->","yoast_head_json":{"title":"Tecnopack - Macchina Confezionatrice Verticale \"Medivert\"","description":"Macchina confezionatrice verticale \"Medivert\". Scopri il prodotto e scarica il catalogo!","robots":{"index":"index","follow":"follow","max-snippet":"max-snippet:-1","max-image-preview":"max-image-preview:large","max-video-preview":"max-video-preview:-1"},"canonical":"https:\/\/www.tecnopack.com\/prodotto\/confezionatrice-verticale-minivert\/","twitter_misc":{"Tiempo de lectura":"2 minutos"},"schema":{"@context":"https:\/\/schema.org","@graph":[{"@type":"WebPage","@id":"https:\/\/www.tecnopack.com\/prodotto\/confezionatrice-verticale-minivert\/","url":"https:\/\/www.tecnopack.com\/prodotto\/confezionatrice-verticale-minivert\/","name":"Tecnopack - Macchina Confezionatrice Verticale \"Medivert\"","isPartOf":{"@id":"https:\/\/www.tecnopack.com\/#website"},"primaryImageOfPage":{"@id":"https:\/\/www.tecnopack.com\/prodotto\/confezionatrice-verticale-minivert\/#primaryimage"},"image":{"@id":"https:\/\/www.tecnopack.com\/prodotto\/confezionatrice-verticale-minivert\/#primaryimage"},"thumbnailUrl":"https:\/\/www.tecnopack.com\/wp-content\/uploads\/2016\/03\/Minivert2020_bassa-03.jpg","datePublished":"2016-03-31T07:39:21+00:00","dateModified":"2020-01-18T13:13:23+00:00","description":"Macchina confezionatrice verticale \"Medivert\". Scopri il prodotto e scarica il catalogo!","breadcrumb":{"@id":"https:\/\/www.tecnopack.com\/prodotto\/confezionatrice-verticale-minivert\/#breadcrumb"},"inLanguage":"es","potentialAction":[{"@type":"ReadAction","target":["https:\/\/www.tecnopack.com\/prodotto\/confezionatrice-verticale-minivert\/"]}]},{"@type":"ImageObject","inLanguage":"es","@id":"https:\/\/www.tecnopack.com\/prodotto\/confezionatrice-verticale-minivert\/#primaryimage","url":"https:\/\/www.tecnopack.com\/wp-content\/uploads\/2016\/03\/Minivert2020_bassa-03.jpg","contentUrl":"https:\/\/www.tecnopack.com\/wp-content\/uploads\/2016\/03\/Minivert2020_bassa-03.jpg","width":2426,"height":1851},{"@type":"BreadcrumbList","@id":"https:\/\/www.tecnopack.com\/prodotto\/confezionatrice-verticale-minivert\/#breadcrumb","itemListElement":[{"@type":"ListItem","position":1,"name":"Home","item":"https:\/\/www.tecnopack.com\/"},{"@type":"ListItem","position":2,"name":"Ricambi","item":"https:\/\/www.tecnopack.com\/ricambi\/"},{"@type":"ListItem","position":3,"name":"Confezionatrice Verticale &#8220;Minivert&#8221;"}]},{"@type":"WebSite","@id":"https:\/\/www.tecnopack.com\/#website","url":"https:\/\/www.tecnopack.com\/","name":"Tecnopack - Maquinas Envasadoras","description":"Maquinas Flow Pack, Vertical y Shrink","publisher":{"@id":"https:\/\/www.tecnopack.com\/#organization"},"potentialAction":[{"@type":"SearchAction","target":{"@type":"EntryPoint","urlTemplate":"https:\/\/www.tecnopack.com\/?s={search_term_string}"},"query-input":{"@type":"PropertyValueSpecification","valueRequired":true,"valueName":"search_term_string"}}],"inLanguage":"es"},{"@type":"Organization","@id":"https:\/\/www.tecnopack.com\/#organization","name":"Tecnopack Srl","url":"https:\/\/www.tecnopack.com\/","logo":{"@type":"ImageObject","inLanguage":"es","@id":"https:\/\/www.tecnopack.com\/#\/schema\/logo\/image\/","url":"https:\/\/www.tecnopack.com\/wp-content\/uploads\/2016\/01\/Tecnopack-logo-1.png","contentUrl":"https:\/\/www.tecnopack.com\/wp-content\/uploads\/2016\/01\/Tecnopack-logo-1.png","width":1501,"height":169,"caption":"Tecnopack Srl"},"image":{"@id":"https:\/\/www.tecnopack.com\/#\/schema\/logo\/image\/"}}]}},"_links":{"self":[{"href":"https:\/\/www.tecnopack.com\/es\/wp-json\/wp\/v2\/product\/12212","targetHints":{"allow":["GET"]}}],"collection":[{"href":"https:\/\/www.tecnopack.com\/es\/wp-json\/wp\/v2\/product"}],"about":[{"href":"https:\/\/www.tecnopack.com\/es\/wp-json\/wp\/v2\/types\/product"}],"replies":[{"embeddable":true,"href":"https:\/\/www.tecnopack.com\/es\/wp-json\/wp\/v2\/comments?post=12212"}],"wp:featuredmedia":[{"embeddable":true,"href":"https:\/\/www.tecnopack.com\/es\/wp-json\/wp\/v2\/media\/12636"}],"wp:attachment":[{"href":"https:\/\/www.tecnopack.com\/es\/wp-json\/wp\/v2\/media?parent=12212"}],"wp:term":[{"taxonomy":"product_cat","embeddable":true,"href":"https:\/\/www.tecnopack.com\/es\/wp-json\/wp\/v2\/product_cat?post=12212"},{"taxonomy":"product_tag","embeddable":true,"href":"https:\/\/www.tecnopack.com\/es\/wp-json\/wp\/v2\/product_tag?post=12212"}],"curies":[{"name":"wp","href":"https:\/\/api.w.org\/{rel}","templated":true}]}}