{"id":86,"date":"2012-07-31T02:17:58","date_gmt":"2012-07-31T02:17:58","guid":{"rendered":"http:\/\/theme-fusion.com\/avada\/?page_id=86"},"modified":"2016-01-14T11:15:18","modified_gmt":"2016-01-14T10:15:18","slug":"contacts","status":"publish","type":"page","link":"https:\/\/www.tecnopack.com\/es\/contacts\/","title":{"rendered":"Contactos"},"content":{"rendered":"<p><div class=\"fusion-title title fusion-title-size-two\" style=\"margin-top:0px;margin-bottom:30px;\"><h2 class=\"title-heading-left\">TECNOPACK<\/h2><div class=\"title-sep-container\"><div class=\"title-sep sep-double\"><\/div><\/div><\/div><p>TECNOPACK es la casa l\u00ecder en el sector de las m\u00e0quinas confeccionadoras que emplean pel\u00ecculas plasticas termoretr\u00e0ctiles y estabilizadas. Nuestros productos son garantizados por su calidad, seguridad y fiabilidad, en virtud de su cuidado proyecto y del empleo de soluciones altamente tecnol\u00f2gicas.<\/p>\n<p>TECNOPACK\u00a0ofrece las soluciones m\u00e0s adecuadas a cualquier problema de confecctionamento, weight &#8211; price &#8211; marking, rotulaci\u00f2n y adem\u00e0s realiza l\u00ecneas completas manuales, semiautom\u00e0ticas y autom\u00e0ticas, tanto para la industria como para la artesania.<\/p>\n<div class=\"fusion-sep-clear\"><\/div><div class=\"fusion-separator fusion-full-width-sep sep-none\" style=\"border-color:#e0dede;margin-left: auto;margin-right: auto;margin-top:20px;\"><\/div><\/p>","protected":false},"excerpt":{"rendered":"","protected":false},"author":2,"featured_media":0,"parent":0,"menu_order":0,"comment_status":"closed","ping_status":"closed","template":"contact.php","meta":{"content-type":"","footnotes":""},"class_list":["post-86","page","type-page","status-publish","hentry","repupress_customize_woocommerce_productom_class"],"yoast_head":"<!-- This site is optimized with the Yoast SEO plugin v24.2 - https:\/\/yoast.com\/wordpress\/plugins\/seo\/ -->\n<title>Contactos - Tecnopack - Maquinas Envasadoras<\/title>\n<meta name=\"robots\" content=\"index, follow, max-snippet:-1, max-image-preview:large, max-video-preview:-1\" \/>\n<link rel=\"canonical\" href=\"https:\/\/www.tecnopack.com\/contacts\/\" \/>\n<meta name=\"twitter:label1\" content=\"Tiempo de lectura\" \/>\n\t<meta name=\"twitter:data1\" content=\"2 minutos\" \/>\n<script type=\"application\/ld+json\" class=\"yoast-schema-graph\">{\"@context\":\"https:\/\/schema.org\",\"@graph\":[{\"@type\":\"WebPage\",\"@id\":\"https:\/\/www.tecnopack.com\/contacts\/\",\"url\":\"https:\/\/www.tecnopack.com\/contacts\/\",\"name\":\"Contactos - Tecnopack - Maquinas Envasadoras\",\"isPartOf\":{\"@id\":\"https:\/\/www.tecnopack.com\/#website\"},\"datePublished\":\"2012-07-31T02:17:58+00:00\",\"dateModified\":\"2016-01-14T10:15:18+00:00\",\"breadcrumb\":{\"@id\":\"https:\/\/www.tecnopack.com\/contacts\/#breadcrumb\"},\"inLanguage\":\"es\",\"potentialAction\":[{\"@type\":\"ReadAction\",\"target\":[\"https:\/\/www.tecnopack.com\/contacts\/\"]}]},{\"@type\":\"BreadcrumbList\",\"@id\":\"https:\/\/www.tecnopack.com\/contacts\/#breadcrumb\",\"itemListElement\":[{\"@type\":\"ListItem\",\"position\":1,\"name\":\"Home\",\"item\":\"https:\/\/www.tecnopack.com\/\"},{\"@type\":\"ListItem\",\"position\":2,\"name\":\"Contatti\"}]},{\"@type\":\"WebSite\",\"@id\":\"https:\/\/www.tecnopack.com\/#website\",\"url\":\"https:\/\/www.tecnopack.com\/\",\"name\":\"Tecnopack - Maquinas Envasadoras\",\"description\":\"Maquinas Flow Pack, Vertical y Shrink\",\"publisher\":{\"@id\":\"https:\/\/www.tecnopack.com\/#organization\"},\"potentialAction\":[{\"@type\":\"SearchAction\",\"target\":{\"@type\":\"EntryPoint\",\"urlTemplate\":\"https:\/\/www.tecnopack.com\/?s={search_term_string}\"},\"query-input\":{\"@type\":\"PropertyValueSpecification\",\"valueRequired\":true,\"valueName\":\"search_term_string\"}}],\"inLanguage\":\"es\"},{\"@type\":\"Organization\",\"@id\":\"https:\/\/www.tecnopack.com\/#organization\",\"name\":\"Tecnopack Srl\",\"url\":\"https:\/\/www.tecnopack.com\/\",\"logo\":{\"@type\":\"ImageObject\",\"inLanguage\":\"es\",\"@id\":\"https:\/\/www.tecnopack.com\/#\/schema\/logo\/image\/\",\"url\":\"https:\/\/www.tecnopack.com\/wp-content\/uploads\/2016\/01\/Tecnopack-logo-1.png\",\"contentUrl\":\"https:\/\/www.tecnopack.com\/wp-content\/uploads\/2016\/01\/Tecnopack-logo-1.png\",\"width\":1501,\"height\":169,\"caption\":\"Tecnopack Srl\"},\"image\":{\"@id\":\"https:\/\/www.tecnopack.com\/#\/schema\/logo\/image\/\"}}]}<\/script>\n<!-- \/ Yoast SEO plugin. -->","yoast_head_json":{"title":"Contactos - Tecnopack - Maquinas Envasadoras","robots":{"index":"index","follow":"follow","max-snippet":"max-snippet:-1","max-image-preview":"max-image-preview:large","max-video-preview":"max-video-preview:-1"},"canonical":"https:\/\/www.tecnopack.com\/contacts\/","twitter_misc":{"Tiempo de lectura":"2 minutos"},"schema":{"@context":"https:\/\/schema.org","@graph":[{"@type":"WebPage","@id":"https:\/\/www.tecnopack.com\/contacts\/","url":"https:\/\/www.tecnopack.com\/contacts\/","name":"Contactos - Tecnopack - Maquinas Envasadoras","isPartOf":{"@id":"https:\/\/www.tecnopack.com\/#website"},"datePublished":"2012-07-31T02:17:58+00:00","dateModified":"2016-01-14T10:15:18+00:00","breadcrumb":{"@id":"https:\/\/www.tecnopack.com\/contacts\/#breadcrumb"},"inLanguage":"es","potentialAction":[{"@type":"ReadAction","target":["https:\/\/www.tecnopack.com\/contacts\/"]}]},{"@type":"BreadcrumbList","@id":"https:\/\/www.tecnopack.com\/contacts\/#breadcrumb","itemListElement":[{"@type":"ListItem","position":1,"name":"Home","item":"https:\/\/www.tecnopack.com\/"},{"@type":"ListItem","position":2,"name":"Contatti"}]},{"@type":"WebSite","@id":"https:\/\/www.tecnopack.com\/#website","url":"https:\/\/www.tecnopack.com\/","name":"Tecnopack - Maquinas Envasadoras","description":"Maquinas Flow Pack, Vertical y Shrink","publisher":{"@id":"https:\/\/www.tecnopack.com\/#organization"},"potentialAction":[{"@type":"SearchAction","target":{"@type":"EntryPoint","urlTemplate":"https:\/\/www.tecnopack.com\/?s={search_term_string}"},"query-input":{"@type":"PropertyValueSpecification","valueRequired":true,"valueName":"search_term_string"}}],"inLanguage":"es"},{"@type":"Organization","@id":"https:\/\/www.tecnopack.com\/#organization","name":"Tecnopack Srl","url":"https:\/\/www.tecnopack.com\/","logo":{"@type":"ImageObject","inLanguage":"es","@id":"https:\/\/www.tecnopack.com\/#\/schema\/logo\/image\/","url":"https:\/\/www.tecnopack.com\/wp-content\/uploads\/2016\/01\/Tecnopack-logo-1.png","contentUrl":"https:\/\/www.tecnopack.com\/wp-content\/uploads\/2016\/01\/Tecnopack-logo-1.png","width":1501,"height":169,"caption":"Tecnopack Srl"},"image":{"@id":"https:\/\/www.tecnopack.com\/#\/schema\/logo\/image\/"}}]}},"_links":{"self":[{"href":"https:\/\/www.tecnopack.com\/es\/wp-json\/wp\/v2\/pages\/86","targetHints":{"allow":["GET"]}}],"collection":[{"href":"https:\/\/www.tecnopack.com\/es\/wp-json\/wp\/v2\/pages"}],"about":[{"href":"https:\/\/www.tecnopack.com\/es\/wp-json\/wp\/v2\/types\/page"}],"author":[{"embeddable":true,"href":"https:\/\/www.tecnopack.com\/es\/wp-json\/wp\/v2\/users\/2"}],"replies":[{"embeddable":true,"href":"https:\/\/www.tecnopack.com\/es\/wp-json\/wp\/v2\/comments?post=86"}],"version-history":[{"count":3,"href":"https:\/\/www.tecnopack.com\/es\/wp-json\/wp\/v2\/pages\/86\/revisions"}],"predecessor-version":[{"id":12048,"href":"https:\/\/www.tecnopack.com\/es\/wp-json\/wp\/v2\/pages\/86\/revisions\/12048"}],"wp:attachment":[{"href":"https:\/\/www.tecnopack.com\/es\/wp-json\/wp\/v2\/media?parent=86"}],"curies":[{"name":"wp","href":"https:\/\/api.w.org\/{rel}","templated":true}]}}