{"id":12483,"date":"2020-01-10T14:05:30","date_gmt":"2020-01-10T13:05:30","guid":{"rendered":"https:\/\/www.tecnopack.com\/?page_id=12483"},"modified":"2020-01-10T14:31:17","modified_gmt":"2020-01-10T13:31:17","slug":"contatti","status":"publish","type":"page","link":"https:\/\/www.tecnopack.com\/es\/contatti\/","title":{"rendered":"CONTACTOS"},"content":{"rendered":"<p><\/p>\n<div class=\"fusion-title title fusion-title-size-two\" style=\"margin-top: 0px; margin-bottom: 30px;\">\n<h2><iframe loading=\"lazy\" style=\"border: 0;\" src=\"https:\/\/www.google.com\/maps\/embed?pb=!1m18!1m12!1m3!1d2877.2439515657848!2d11.096302699999999!3d43.8507721!2m3!1f0!2f0!3f0!3m2!1i1024!2i768!4f13.1!3m3!1m2!1s0x132a59b6a165b9df%3A0xccfa091f7a50ba70!2sTecnopack%20by%20Italtrader!5e0!3m2!1sit!2sit!4v1578655803586!5m2!1sit!2sit\" width=\"600\" height=\"450\" frameborder=\"0\" allowfullscreen=\"allowfullscreen\"><\/iframe><\/h2>\n<h2 class=\"title-heading-left\">TECNOPACK<\/h2>\n<div class=\"title-sep-container\">\n<div class=\"title-sep sep-double\"><\/div>\n<\/div>\n<\/div>\n<p>TECNOPACK es la casa l\u00ecder en el sector de las m\u00e0quinas confeccionadoras que emplean pel\u00ecculas plasticas termoretr\u00e0ctiles y estabilizadas. Nuestros productos son garantizados por su calidad, seguridad y fiabilidad, en virtud de su cuidado proyecto y del empleo de soluciones altamente tecnol\u00f2gicas.<\/p>\n<p>TECNOPACK\u00a0ofrece las soluciones m\u00e0s adecuadas a cualquier problema de confecctionamento, weight &#8211; price &#8211; marking, rotulaci\u00f2n y adem\u00e0s realiza l\u00ecneas completas manuales, semiautom\u00e0ticas y autom\u00e0ticas, tanto para la industria como para la artesania.<\/p>\n<p>&nbsp;<\/p>\n\n<div class=\"wpcf7 no-js\" id=\"wpcf7-f8-o3\" lang=\"it-IT\" dir=\"ltr\" data-wpcf7-id=\"8\">\n<div class=\"screen-reader-response\"><p role=\"status\" aria-live=\"polite\" aria-atomic=\"true\"><\/p> <ul><\/ul><\/div>\n<form action=\"\/es\/wp-json\/wp\/v2\/pages\/12483#wpcf7-f8-o3\" method=\"post\" class=\"wpcf7-form init\" aria-label=\"Modulo di contatto\" novalidate=\"novalidate\" data-status=\"init\">\n<div style=\"display: none;\">\n<input type=\"hidden\" name=\"_wpcf7\" value=\"8\" \/>\n<input type=\"hidden\" name=\"_wpcf7_version\" value=\"6.0.2\" \/>\n<input type=\"hidden\" name=\"_wpcf7_locale\" value=\"it_IT\" \/>\n<input type=\"hidden\" name=\"_wpcf7_unit_tag\" value=\"wpcf7-f8-o3\" \/>\n<input type=\"hidden\" name=\"_wpcf7_container_post\" value=\"0\" \/>\n<input type=\"hidden\" name=\"_wpcf7_posted_data_hash\" value=\"\" \/>\n<\/div>\n<p>Il tuo nome (richiesto)\n<\/p>\n<p><span class=\"wpcf7-form-control-wrap\" data-name=\"your-name\"><input size=\"40\" maxlength=\"400\" class=\"wpcf7-form-control wpcf7-text wpcf7-validates-as-required\" aria-required=\"true\" aria-invalid=\"false\" value=\"\" type=\"text\" name=\"your-name\" \/><\/span>\n<\/p>\n<p>La tua email (richiesto)\n<\/p>\n<p><span class=\"wpcf7-form-control-wrap\" data-name=\"your-email\"><input size=\"40\" maxlength=\"400\" class=\"wpcf7-form-control wpcf7-email wpcf7-validates-as-required wpcf7-text wpcf7-validates-as-email\" aria-required=\"true\" aria-invalid=\"false\" value=\"\" type=\"email\" name=\"your-email\" \/><\/span>\n<\/p>\n<p>Oggetto\n<\/p>\n<p><span class=\"wpcf7-form-control-wrap\" data-name=\"your-subject\"><input size=\"40\" maxlength=\"400\" class=\"wpcf7-form-control wpcf7-text\" aria-invalid=\"false\" value=\"\" type=\"text\" name=\"your-subject\" \/><\/span>\n<\/p>\n<p>Il tuo messaggio\n<\/p>\n<p><span class=\"wpcf7-form-control-wrap\" data-name=\"your-message\"><textarea cols=\"40\" rows=\"10\" maxlength=\"2000\" class=\"wpcf7-form-control wpcf7-textarea\" aria-invalid=\"false\" name=\"your-message\"><\/textarea><\/span>\n<\/p>\n<p><input class=\"wpcf7-form-control wpcf7-submit has-spinner\" type=\"submit\" value=\"Invia\" \/>\n<\/p><div class=\"wpcf7-response-output\" aria-hidden=\"true\"><\/div>\n<\/form>\n<\/div>\n\n<p>&nbsp;<\/p>\n<div class=\"fusion-title title fusion-title-size-two\" style=\"margin-top: 0px; margin-bottom: 30px;\"><\/div>\n<p>&nbsp;<\/p>\n<p>&nbsp;<\/p>","protected":false},"excerpt":{"rendered":"<p>TECNOPACK TECNOPACK es la casa l\u00ecder en el sector de las m\u00e0quinas confeccionadoras que emplean pel\u00ecculas plasticas termoretr\u00e0ctiles y estabilizadas. Nuestros productos son garantizados por su calidad, seguridad y fiabilidad, en virtud de su cuidado proyecto y del empleo de soluciones altamente tecnol\u00f2gicas. TECNOPACK\u00a0ofrece las soluciones m\u00e0s adecuadas a cualquier problema de confecctionamento, weight &#8211; [&hellip;]<\/p>\n","protected":false},"author":1,"featured_media":0,"parent":0,"menu_order":0,"comment_status":"closed","ping_status":"closed","template":"","meta":{"content-type":"","footnotes":""},"class_list":["post-12483","page","type-page","status-publish","hentry","repupress_customize_woocommerce_productom_class"],"yoast_head":"<!-- This site is optimized with the Yoast SEO plugin v24.2 - https:\/\/yoast.com\/wordpress\/plugins\/seo\/ -->\n<title>CONTACTOS - Tecnopack - Maquinas Envasadoras<\/title>\n<meta name=\"robots\" content=\"index, follow, max-snippet:-1, max-image-preview:large, max-video-preview:-1\" \/>\n<link rel=\"canonical\" href=\"https:\/\/www.tecnopack.com\/contatti\/\" \/>\n<meta name=\"twitter:label1\" content=\"Tiempo de lectura\" \/>\n\t<meta name=\"twitter:data1\" content=\"1 minuto\" \/>\n<script type=\"application\/ld+json\" class=\"yoast-schema-graph\">{\"@context\":\"https:\/\/schema.org\",\"@graph\":[{\"@type\":\"WebPage\",\"@id\":\"https:\/\/www.tecnopack.com\/contatti\/\",\"url\":\"https:\/\/www.tecnopack.com\/contatti\/\",\"name\":\"CONTACTOS - Tecnopack - Maquinas Envasadoras\",\"isPartOf\":{\"@id\":\"https:\/\/www.tecnopack.com\/#website\"},\"datePublished\":\"2020-01-10T13:05:30+00:00\",\"dateModified\":\"2020-01-10T13:31:17+00:00\",\"breadcrumb\":{\"@id\":\"https:\/\/www.tecnopack.com\/contatti\/#breadcrumb\"},\"inLanguage\":\"es\",\"potentialAction\":[{\"@type\":\"ReadAction\",\"target\":[\"https:\/\/www.tecnopack.com\/contatti\/\"]}]},{\"@type\":\"BreadcrumbList\",\"@id\":\"https:\/\/www.tecnopack.com\/contatti\/#breadcrumb\",\"itemListElement\":[{\"@type\":\"ListItem\",\"position\":1,\"name\":\"Home\",\"item\":\"https:\/\/www.tecnopack.com\/\"},{\"@type\":\"ListItem\",\"position\":2,\"name\":\"CONTATTI\"}]},{\"@type\":\"WebSite\",\"@id\":\"https:\/\/www.tecnopack.com\/#website\",\"url\":\"https:\/\/www.tecnopack.com\/\",\"name\":\"Tecnopack - Maquinas Envasadoras\",\"description\":\"Maquinas Flow Pack, Vertical y Shrink\",\"publisher\":{\"@id\":\"https:\/\/www.tecnopack.com\/#organization\"},\"potentialAction\":[{\"@type\":\"SearchAction\",\"target\":{\"@type\":\"EntryPoint\",\"urlTemplate\":\"https:\/\/www.tecnopack.com\/?s={search_term_string}\"},\"query-input\":{\"@type\":\"PropertyValueSpecification\",\"valueRequired\":true,\"valueName\":\"search_term_string\"}}],\"inLanguage\":\"es\"},{\"@type\":\"Organization\",\"@id\":\"https:\/\/www.tecnopack.com\/#organization\",\"name\":\"Tecnopack Srl\",\"url\":\"https:\/\/www.tecnopack.com\/\",\"logo\":{\"@type\":\"ImageObject\",\"inLanguage\":\"es\",\"@id\":\"https:\/\/www.tecnopack.com\/#\/schema\/logo\/image\/\",\"url\":\"https:\/\/www.tecnopack.com\/wp-content\/uploads\/2016\/01\/Tecnopack-logo-1.png\",\"contentUrl\":\"https:\/\/www.tecnopack.com\/wp-content\/uploads\/2016\/01\/Tecnopack-logo-1.png\",\"width\":1501,\"height\":169,\"caption\":\"Tecnopack Srl\"},\"image\":{\"@id\":\"https:\/\/www.tecnopack.com\/#\/schema\/logo\/image\/\"}}]}<\/script>\n<!-- \/ Yoast SEO plugin. -->","yoast_head_json":{"title":"CONTACTOS - Tecnopack - Maquinas Envasadoras","robots":{"index":"index","follow":"follow","max-snippet":"max-snippet:-1","max-image-preview":"max-image-preview:large","max-video-preview":"max-video-preview:-1"},"canonical":"https:\/\/www.tecnopack.com\/contatti\/","twitter_misc":{"Tiempo de lectura":"1 minuto"},"schema":{"@context":"https:\/\/schema.org","@graph":[{"@type":"WebPage","@id":"https:\/\/www.tecnopack.com\/contatti\/","url":"https:\/\/www.tecnopack.com\/contatti\/","name":"CONTACTOS - Tecnopack - Maquinas Envasadoras","isPartOf":{"@id":"https:\/\/www.tecnopack.com\/#website"},"datePublished":"2020-01-10T13:05:30+00:00","dateModified":"2020-01-10T13:31:17+00:00","breadcrumb":{"@id":"https:\/\/www.tecnopack.com\/contatti\/#breadcrumb"},"inLanguage":"es","potentialAction":[{"@type":"ReadAction","target":["https:\/\/www.tecnopack.com\/contatti\/"]}]},{"@type":"BreadcrumbList","@id":"https:\/\/www.tecnopack.com\/contatti\/#breadcrumb","itemListElement":[{"@type":"ListItem","position":1,"name":"Home","item":"https:\/\/www.tecnopack.com\/"},{"@type":"ListItem","position":2,"name":"CONTATTI"}]},{"@type":"WebSite","@id":"https:\/\/www.tecnopack.com\/#website","url":"https:\/\/www.tecnopack.com\/","name":"Tecnopack - Maquinas Envasadoras","description":"Maquinas Flow Pack, Vertical y Shrink","publisher":{"@id":"https:\/\/www.tecnopack.com\/#organization"},"potentialAction":[{"@type":"SearchAction","target":{"@type":"EntryPoint","urlTemplate":"https:\/\/www.tecnopack.com\/?s={search_term_string}"},"query-input":{"@type":"PropertyValueSpecification","valueRequired":true,"valueName":"search_term_string"}}],"inLanguage":"es"},{"@type":"Organization","@id":"https:\/\/www.tecnopack.com\/#organization","name":"Tecnopack Srl","url":"https:\/\/www.tecnopack.com\/","logo":{"@type":"ImageObject","inLanguage":"es","@id":"https:\/\/www.tecnopack.com\/#\/schema\/logo\/image\/","url":"https:\/\/www.tecnopack.com\/wp-content\/uploads\/2016\/01\/Tecnopack-logo-1.png","contentUrl":"https:\/\/www.tecnopack.com\/wp-content\/uploads\/2016\/01\/Tecnopack-logo-1.png","width":1501,"height":169,"caption":"Tecnopack Srl"},"image":{"@id":"https:\/\/www.tecnopack.com\/#\/schema\/logo\/image\/"}}]}},"_links":{"self":[{"href":"https:\/\/www.tecnopack.com\/es\/wp-json\/wp\/v2\/pages\/12483","targetHints":{"allow":["GET"]}}],"collection":[{"href":"https:\/\/www.tecnopack.com\/es\/wp-json\/wp\/v2\/pages"}],"about":[{"href":"https:\/\/www.tecnopack.com\/es\/wp-json\/wp\/v2\/types\/page"}],"author":[{"embeddable":true,"href":"https:\/\/www.tecnopack.com\/es\/wp-json\/wp\/v2\/users\/1"}],"replies":[{"embeddable":true,"href":"https:\/\/www.tecnopack.com\/es\/wp-json\/wp\/v2\/comments?post=12483"}],"version-history":[{"count":9,"href":"https:\/\/www.tecnopack.com\/es\/wp-json\/wp\/v2\/pages\/12483\/revisions"}],"predecessor-version":[{"id":12485,"href":"https:\/\/www.tecnopack.com\/es\/wp-json\/wp\/v2\/pages\/12483\/revisions\/12485"}],"wp:attachment":[{"href":"https:\/\/www.tecnopack.com\/es\/wp-json\/wp\/v2\/media?parent=12483"}],"curies":[{"name":"wp","href":"https:\/\/api.w.org\/{rel}","templated":true}]}}